{"id":41,"date":"2015-10-13T12:17:00","date_gmt":"2015-10-13T12:17:00","guid":{"rendered":"http:\/\/hamburger-note.de\/?page_id=41"},"modified":"2017-05-17T09:43:59","modified_gmt":"2017-05-17T09:43:59","slug":"weitere-unterstuezter","status":"publish","type":"page","link":"http:\/\/hamburger-note.de\/?page_id=41","title":{"rendered":"Weitere Unterst\u00fctzer"},"content":{"rendered":"<p><span style=\"font-size: large;\">Wollen Sie die Hamburger Note unterst\u00fctzen? Dann schicken Sie eine eMail an <a href=\"mailto:info@hamburger-note.de\">info@hamburger-note.de<\/a>. Geben Sie bitte Ihren Namen, Titel und ggf die Institution an, f\u00fcr die Sie t\u00e4tig sind. Diese Informationen werden dann an dieser Stelle der Website ver\u00f6ffentlicht.<\/span><\/p>\n<p><span style=\"font-size: large;\">M\u00f6gliche zeitliche Verz\u00f6gerungen bitten wir zu entschuldigen.<\/span><\/p>\n<p>&nbsp;<\/p>\n<p><strong><span style=\"font-size: large;\">Weitere Unterst\u00fctzer<\/span><\/strong><\/p>\n<p>Prof. Dr. Marion Ackermann (Generaldirektorin Staatliche Kunstsammlung Dresden)<\/p>\n<p>Stephan Bartholmei<br \/>\n(Deutsche Digitale Bibliothek)<\/p>\n<p>Sebastian Barteleit (Bundesarchiv, Abteilungsleiter Archivtechnik)<\/p>\n<p>Klaus Bulle<br \/>\n(Axiell ALM Germany GmbH)<\/p>\n<p>Prof. Dr. Thomas B\u00fcrger<br \/>\n(S\u00e4chsische Landesbibliothek \u2013 Staats- und Universit\u00e4tsbibliothek Dresden)<\/p>\n<p>Sabine Conrad<\/p>\n<p>Prof. Dr. Andreas Degkwitz<br \/>\n(Universit\u00e4tsbibliothek der Humboldt Universit\u00e4t zu Berlin)<\/p>\n<p>Florentine Dietrich<br \/>\n(Staatliche Museen zu Berlin,\u00a0Stiftung Preu\u00dfischer Kulturbesitz)<\/p>\n<p>Barbara Fischer<br \/>\n(Wikimedia Deutschland e.V.)<\/p>\n<p>Hanns-Peter Frentz<br \/>\n(Bildagentur bpk, Stiftung Preu\u00dfischer Kulturbesitz)<\/p>\n<p>Philipp Geisler<br \/>\n(Code for Hamburg\/Code for Germany)<\/p>\n<p>Dr. habil. Uwe Gle\u00dfmer<\/p>\n<p>Prof. Dr. Dr. h.c. mult.\u00a0Martin Gr\u00f6tschel<br \/>\n(Berlin-Brandenburgischen Akademie der Wissenschaften)<\/p>\n<p>Prof. Dr. phil. Gerhard Hacker<br \/>\n(Hochschule f\u00fcr Technik Wirtschaft und Kultur Leipzig)<\/p>\n<p>Prof. Dr. Dr. Dr. med. habil. Hans Hatt<br \/>\n(Nordrhein-Westf\u00e4lischen Akademie der Wissenschaften und der K\u00fcnste)<\/p>\n<p>Prof. Monika Hagedorn-Saupe<br \/>\n(Institut f\u00fcr Museumsforschung, Stiftung Preu\u00dfischer Kulturbesitz)<\/p>\n<p>Helene Hahn<br \/>\n(Open Knowledge Foundation e.V.)<\/p>\n<p>Christina Haak<br \/>\n(Staatliche Museen zu Berlin, Stiftung Preu\u00dfischer Kulturbesitz)<\/p>\n<p>Prof. Dr. Dorothee Haffner<br \/>\nHochschule f\u00fcr Technik und Wirtschaft Berlin, Museumskunde<\/p>\n<p>Tim Moritz Hector<br \/>\n(Wikimedia Deutschland e.V.)<\/p>\n<p>Oliver Hinte (Rechtsberater des Verbands der Bibliotheken des Landes Nordrhein-Westfalen)<\/p>\n<p>J\u00fcrgen Keiper<br \/>\n(Deutsche Kinemathek &#8211; Museum f\u00fcr Film und Fernsehen)<\/p>\n<p>Michael KIeineberg<\/p>\n<p>Prof. Dr. Thorsten Koch<br \/>\n(Zuse-Institut Berlin)<\/p>\n<p>Prof. Dr. Doris Kolech<br \/>\n(Berlin-Brandenburgische Akademie der Wissenschaften)<\/p>\n<p>Prof. Dr.-Ing. habil. Prof. E.h. Edwin Kreuzer (Pr\u00e4sident Akademie der Wissenschaften in Hamburg)<\/p>\n<p>Dr. Till Kreutzer<br \/>\n(iRights.law\/iRights.info)<\/p>\n<p>Prof. Dr. Edwin Kreuzer\u00a0(<span lang=\"DE\">Akademie der Wissenschaften in Hamburg)<\/span><\/p>\n<p>Prof. Dr. Rainer Kuhlen<br \/>\n(Aktionsb\u00fcndnis Urheberrecht f\u00fcr Bildung und Wissenschaft)<\/p>\n<p>Dr. Bernhard Maaz(Bayerische Staatsgem\u00e4ldesammlungen \u2013 M\u00fcnchen)<\/p>\n<p>Dr. Harald M\u00fcller<\/p>\n<p>Christiane Necker<\/p>\n<p>Knut Perseke<br \/>\n(Open Knowledge Foundation e.V.)<\/p>\n<p>Frauke Rehder<br \/>\n(digiCULT-Verbund eG)<\/p>\n<p>Prof. Dr. Malte Rehbein<br \/>\n(Universit\u00e4t Passau)<\/p>\n<p>Ellen R\u00f6hner<br \/>\n(Friedrichshain-Kreuzberg Museum)<\/p>\n<p>Dr. Ruth Rosenberger<br \/>\n(Stiftung Haus der Geschichte\u00a0der Bundesrepublik Deutschland)<\/p>\n<p>Prof. Dr. G\u00fcnther Schauerte<br \/>\n(Stiftung Preu\u00dfischer Kulturbesitz)<\/p>\n<p>Mathias Schindler<br \/>\n(Wikimedia Deutschland e.V.)<\/p>\n<p>Andrea Schlotfeldt<\/p>\n<p>Dr. Antje Schmidt<br \/>\n(Museum f\u00fcr Kunst und Gewerbe Hamburg)<\/p>\n<p>Annette Schomberg<br \/>\n(Excellence Cluster Topoi, Humboldt Universit\u00e4t zu Berlin)<\/p>\n<p>Francesca Schulze<br \/>\n(Deutsche Digitale Bibliothek)<\/p>\n<p>Nadine Seidu<br \/>\n(Landesarchiv\u00a0Baden-W\u00fcrttemberg<\/p>\n<p>Dr. Hartmut Simon<\/p>\n<p>Susann Solberg<\/p>\n<p>Prof. Dr. Eric Steinhauer<br \/>\n(FernUniversit\u00e4t Hagen\/ Humboldt-Universit\u00e4t zu Berlin)<\/p>\n<p>Ulrike Treziak<br \/>\n(Friedrichshain-Kreuzberg Museum)<\/p>\n<p>Evgenia Tsanana<\/p>\n<p>Prof. Dr. Wolfgang Ulrich<\/p>\n<p>Dr. Arne Upmeier<br \/>\n(Technische Universit\u00e4t Ilmenau)<\/p>\n<p>Dr. Viola Vo\u00df<br \/>\n(Universit\u00e4ts- und Landesbibliothek M\u00fcnster)<\/p>\n<p>Prof. Dr. Chris Wahl<br \/>\n(Filmuniversit\u00e4t Babelsberg Konrad Wolf)<\/p>\n<p>Dr. Ursula Warnke (Direktorin Deutsches Schiffahrtsmuseum &#8211; Leibniz Institut f\u00fcr deutsche Schiffahrtsgeschichte)<\/p>\n<p>John Weitzmann<br \/>\n(iRights.Law)<\/p>\n<p>Dr. Mirjam Wenzel<br \/>\n(J\u00fcdisches Museum Frankfurt)<\/p>\n<p>&nbsp;<\/p>\n<p>&nbsp;<\/p>\n<p>&nbsp;<\/p>\n<p>&nbsp;<\/p>\n<div class=\"\"><\/div>\n<div class=\"\"><\/div>\n","protected":false},"excerpt":{"rendered":"<p>Wollen Sie die Hamburger Note unterst\u00fctzen? Dann schicken Sie eine eMail an info@hamburger-note.de. Geben Sie bitte Ihren Namen, Titel und ggf die Institution an, f\u00fcr die Sie t\u00e4tig sind. Diese Informationen werden dann an dieser Stelle der Website ver\u00f6ffentlicht. M\u00f6gliche &hellip; <a href=\"http:\/\/hamburger-note.de\/?page_id=41\">Weiterlesen <span class=\"meta-nav\">&rarr;<\/span><\/a><\/p>\n","protected":false},"author":1,"featured_media":0,"parent":0,"menu_order":0,"comment_status":"closed","ping_status":"closed","template":"","meta":[],"_links":{"self":[{"href":"http:\/\/hamburger-note.de\/index.php?rest_route=\/wp\/v2\/pages\/41"}],"collection":[{"href":"http:\/\/hamburger-note.de\/index.php?rest_route=\/wp\/v2\/pages"}],"about":[{"href":"http:\/\/hamburger-note.de\/index.php?rest_route=\/wp\/v2\/types\/page"}],"author":[{"embeddable":true,"href":"http:\/\/hamburger-note.de\/index.php?rest_route=\/wp\/v2\/users\/1"}],"replies":[{"embeddable":true,"href":"http:\/\/hamburger-note.de\/index.php?rest_route=%2Fwp%2Fv2%2Fcomments&post=41"}],"version-history":[{"count":26,"href":"http:\/\/hamburger-note.de\/index.php?rest_route=\/wp\/v2\/pages\/41\/revisions"}],"predecessor-version":[{"id":71,"href":"http:\/\/hamburger-note.de\/index.php?rest_route=\/wp\/v2\/pages\/41\/revisions\/71"}],"wp:attachment":[{"href":"http:\/\/hamburger-note.de\/index.php?rest_route=%2Fwp%2Fv2%2Fmedia&parent=41"}],"curies":[{"name":"wp","href":"https:\/\/api.w.org\/{rel}","templated":true}]}}