{"id":15,"date":"2015-10-06T21:50:25","date_gmt":"2015-10-06T21:50:25","guid":{"rendered":"http:\/\/hamburger-note.de\/?page_id=15"},"modified":"2018-05-24T13:06:57","modified_gmt":"2018-05-24T13:06:57","slug":"impressumkontakt","status":"publish","type":"page","link":"https:\/\/hamburger-note.de\/?page_id=15","title":{"rendered":"Impressum\/Kontakt\/Datenschutz"},"content":{"rendered":"<p><span style=\"font-family: Arial, sans-serif;\"><span style=\"font-size: large;\">Dr. Paul Klimpel<\/span><\/span><\/p>\n<p><span style=\"font-family: Arial, sans-serif;\"><span style=\"font-size: large;\">Dieffenbachstra\u00dfe 19<\/span><\/span><\/p>\n<p><span style=\"font-family: Arial, sans-serif;\"><span style=\"font-size: large;\">10967 Berlin<\/span><\/span><\/p>\n<p>0172 6407555<\/p>\n<p>&nbsp;<\/p>\n<p><span style=\"color: #000000;\"><span style=\"font-family: Verdana, Geneva, Arial, Helvetica, sans-serif;\"><span style=\"font-size: small;\"><b><strong>Hinweise\/Datenschutz<\/strong><\/b><\/span><\/span><\/span><\/p>\n<p><span style=\"font-family: Verdana, Geneva, Arial, Helvetica, sans-serif;\"><span style=\"font-size: small;\"><span style=\"color: #000000;\">Die Seite Hamburger-Note.de enth\u00e4lt ausschlie\u00dflich Informationen und Links zur Hamburger Note und die sie unterst\u00fctzenden Personen. Auf dieser Seite werden keine Dienste oder Waren angeboten. Sie dient auch nicht dem kommunikativen Austausch, sondern ausschlie\u00dflich der Information und der Sammlung von Links auf Ver\u00f6ffentlichungen bzw. die Dokumentation von Veranstaltungen. Um als Unterst\u00fctzer der Hamburger Note aufgenommen zu werden, ist eine Mail an den Verantwortlichen n\u00f6tig, es gibt hierf\u00fcr kein automatisches Verfahren.<\/span><\/span><\/span><\/p>\n<p><span style=\"font-family: Arial, sans-serif;\"><span style=\"font-size: small;\"><span style=\"color: #444444;\">Zum Zweck der \u00dcbermittlung der von Ihnen aufgerufenen Webseite werden von Ihrem Browser unter anderem folgende Informationen (als Inhalt eines HTTP-Requests) \u00fcbersandt: I<\/span><\/span><\/span><span style=\"font-family: Arial, sans-serif;\"><span style=\"font-size: small;\"><span style=\"color: #444444;\">hre IP-Adresse (eine Ziffernfolge, die Ihren Computeranschluss im Internet identifiziert), die von Ihnen aufgerufene Webseite, Informationen zu dem von Ihnen verwendeten Browser und Betriebssystem. <\/span><\/span><\/span><\/p>\n<p><span style=\"color: #444444;\"><span style=\"font-family: Arial, sans-serif;\"><span style=\"font-size: small;\">Die vorgenannten Datenkategorien werden f\u00fcr die \u00dcbermittlung des von Ihnen aufgerufenen Inhalts und zur Optimierung der Darstellung ben\u00f6tigt. Diese Verarbeitung erfolgt aufgrund unseres berechtigten Interesses, Ihnen die Inhalte auf Ihre Anfrage hin zu \u00fcbermitteln. <\/span><\/span><\/span><\/p>\n<p><span style=\"color: #444444;\"><span style=\"font-family: Arial, sans-serif;\"><span style=\"font-size: small;\">Die Daten werden zu diesem Zweck nach Abschluss des \u00dcbertragungsvorgangs nicht gespeichert. Ein Berichtigungs-, Auskunfts- und L\u00f6schanspruch \u00fcber die im Rahmen der reinen Nutzung des Onlineangebotes gespeicherten Daten besteht in der Regel nicht, da f\u00fcr den Zweck der reinen \u00dcbermittlung der Inhalte die Speicherung von Daten nur tempor\u00e4r f\u00fcr den Surfvorgang selbst erfolgt und diese unmittelbar danach gel\u00f6scht werden und folglich f\u00fcr ein Auskunftsersuchen nicht mehr zur Verf\u00fcgung stehen. Zur statistischen Auswertung findet lediglich eine anonymisierte Speicherung von Informationen \u00fcber den Seitenaufruf statt.<\/span><\/span><\/span><\/p>\n<p>&nbsp;<\/p>\n<p><span style=\"font-family: Arial, sans-serif;\"><span style=\"font-size: large;\">post[\u00e4t]paulklimpel.de<\/span><\/span><\/p>\n<p>&nbsp;<\/p>\n<p>&nbsp;<\/p>\n","protected":false},"excerpt":{"rendered":"<p>Dr. Paul Klimpel Dieffenbachstra\u00dfe 19 10967 Berlin 0172 6407555 &nbsp; Hinweise\/Datenschutz Die Seite Hamburger-Note.de enth\u00e4lt ausschlie\u00dflich Informationen und Links zur Hamburger Note und die sie unterst\u00fctzenden Personen. Auf dieser Seite werden keine Dienste oder Waren angeboten. Sie dient auch nicht &hellip; <a href=\"https:\/\/hamburger-note.de\/?page_id=15\">Weiterlesen <span class=\"meta-nav\">&rarr;<\/span><\/a><\/p>\n","protected":false},"author":1,"featured_media":0,"parent":0,"menu_order":0,"comment_status":"closed","ping_status":"closed","template":"","meta":[],"_links":{"self":[{"href":"https:\/\/hamburger-note.de\/index.php?rest_route=\/wp\/v2\/pages\/15"}],"collection":[{"href":"https:\/\/hamburger-note.de\/index.php?rest_route=\/wp\/v2\/pages"}],"about":[{"href":"https:\/\/hamburger-note.de\/index.php?rest_route=\/wp\/v2\/types\/page"}],"author":[{"embeddable":true,"href":"https:\/\/hamburger-note.de\/index.php?rest_route=\/wp\/v2\/users\/1"}],"replies":[{"embeddable":true,"href":"https:\/\/hamburger-note.de\/index.php?rest_route=%2Fwp%2Fv2%2Fcomments&post=15"}],"version-history":[{"count":9,"href":"https:\/\/hamburger-note.de\/index.php?rest_route=\/wp\/v2\/pages\/15\/revisions"}],"predecessor-version":[{"id":76,"href":"https:\/\/hamburger-note.de\/index.php?rest_route=\/wp\/v2\/pages\/15\/revisions\/76"}],"wp:attachment":[{"href":"https:\/\/hamburger-note.de\/index.php?rest_route=%2Fwp%2Fv2%2Fmedia&parent=15"}],"curies":[{"name":"wp","href":"https:\/\/api.w.org\/{rel}","templated":true}]}}