{"id":2,"date":"2015-09-16T04:24:25","date_gmt":"2015-09-16T04:24:25","guid":{"rendered":"http:\/\/wp431m.a10-52-158-154.qa.plesk.ru\/wordpress\/?page_id=2"},"modified":"2015-10-07T04:20:19","modified_gmt":"2015-10-07T04:20:19","slug":"sample-page","status":"publish","type":"page","link":"https:\/\/hamburger-note.de\/?page_id=2","title":{"rendered":"Hamburger Note"},"content":{"rendered":"<p><strong><span style=\"color: #000000;\"><span style=\"font-family: Tahoma, Geneva, sans-serif;\"><span style=\"font-size: large;\">zur Digitalisierung des kulturellen Erbes.<\/span><\/span><\/span><\/strong><\/p>\n<p><span style=\"color: #000000;\"><span style=\"font-family: Tahoma, Geneva, sans-serif;\"><span style=\"font-size: large;\">Die Digitalisierung bietet gro\u00dfe Chancen f\u00fcr den Zugang zum kulturellen Erbe. Sie ist unumg\u00e4nglich, damit Archive, Museen und Bibliotheken weiterhin ihren wichtigen \u00f6ffentlichen Aufgaben gerecht werden k\u00f6nnen.<\/span><\/span><\/span><\/p>\n<p><span style=\"color: #000000;\"><span style=\"font-family: Tahoma, Geneva, sans-serif;\"><span style=\"font-size: large;\">Allerdings sind die geltenden rechtlichen Rahmenbedingungen des Urheberrechts ein gro\u00dfes Hindernis. Bei \u00e4lteren Werken, die noch urheberrechtlich gesch\u00fctzt sind, ist die Rechtesituation meist sehr kompliziert. Eine umfassende Digitalisierung des kulturellen Erbes wird damit noch auf Jahrzehnte hinaus nicht m\u00f6glich sein, solange Archive, Bibliotheken und Museen f\u00fcr jedes einzelne Objekt den urheberrechtlichen Status kl\u00e4ren m\u00fcssen.<\/span><\/span><\/span><\/p>\n<p><span style=\"color: #000000;\"><span style=\"font-family: Tahoma, Geneva, sans-serif;\"><span style=\"font-size: large;\">Augenscheinlich wird dies bei den sogenannten \u201everwaisten Werken\u201c, bei denen die H\u00fcrden f\u00fcr eine Nutzung auch nach der neuen gesetzlichen Regelung noch zu hoch sind. Allerdings wurde in Deutschland bei B\u00fcchern eine L\u00f6sung gefunden, die im Zusammenspiel mit Verwertungsgesellschaften eine Einzelrechtekl\u00e4rung entbehrlich macht. Dies ist zwar ein erster Schritt.\u00a0<\/span><\/span><\/span><strong><span style=\"color: #000000;\"><span style=\"font-family: Tahoma, Geneva, sans-serif;\"><span style=\"font-size: large;\">Wenn die Chancen der Digitalisierung genutzt werden sollen, bedarf es\u00a0aber\u00a0gesetzlicher Rahmenbedingungen, die f\u00fcr alle \u00f6ffentlichen Ged\u00e4chtnisinstitutionen eine rechtliche Einzelfallpr\u00fcfung entbehrlich machen und grunds\u00e4tzlich eine Sichtbarmachung von Best\u00e4nden im Internet erm\u00f6glichen.<\/span><\/span><\/span><\/strong><\/p>\n<p><span style=\"color: #000000;\"><span style=\"font-family: Tahoma, Geneva, sans-serif;\"><span style=\"font-size: large;\">Gelingt es nicht, die rechtlichen Rahmenbedingungen entsprechend weiterzuentwickeln, k\u00f6nnen wichtige Zeugnisse des kulturellen Erbes weiter aus Gr\u00fcnden der rechtlichen Unsicherheit nicht digital genutzt werden. Dadurch droht eine bedenkliche Verzerrung unseres Geschichtsbildes. Auch werden weiter erhebliche \u00f6ffentliche Ressourcen f\u00fcr die Kl\u00e4rung von Rechtsfragen aufgewendet, die den Ged\u00e4chtnisinstitutionen fehlen und die auch nicht den Urhebern zugutekommen.<\/span><\/span><\/span><\/p>\n<p><span style=\"color: #000000;\"><span style=\"font-family: Tahoma, Geneva, sans-serif;\"><span style=\"font-size: large;\">Prof. h.c. Dr. Gabriele Beger,\u00a0Claudia Dillmann,\u00a0Prof. Dr. Thomas Dreier,\u00a0Prof. Dr. Katharina de la Durantaye, LL.M. (Yale),\u00a0Prof. Dr. Reto M. Hilty,\u00a0Prof. Dr. Thomas Hoeren,\u00a0Dr. phil. Michael Hollmann,\u00a0Prof. Dr. Hans Walter H\u00fctter,\u00a0Dr. Paul Klimpel,\u00a0Dr. Elisabeth Niggemann,\u00a0B\u00f6rries von Notz,\u00a0Prof. Dr. Dr. h.c. mult. Hermann Parzinger. Dr. Frank Simon-Ritz\u00a0<\/span><\/span><\/span><\/p>\n","protected":false},"excerpt":{"rendered":"<p>zur Digitalisierung des kulturellen Erbes. Die Digitalisierung bietet gro\u00dfe Chancen f\u00fcr den Zugang zum kulturellen Erbe. Sie ist unumg\u00e4nglich, damit Archive, Museen und Bibliotheken weiterhin ihren wichtigen \u00f6ffentlichen Aufgaben gerecht werden k\u00f6nnen. Allerdings sind die geltenden rechtlichen Rahmenbedingungen des Urheberrechts &hellip; <a href=\"https:\/\/hamburger-note.de\/?page_id=2\">Weiterlesen <span class=\"meta-nav\">&rarr;<\/span><\/a><\/p>\n","protected":false},"author":1,"featured_media":0,"parent":0,"menu_order":0,"comment_status":"closed","ping_status":"open","template":"","meta":[],"_links":{"self":[{"href":"https:\/\/hamburger-note.de\/index.php?rest_route=\/wp\/v2\/pages\/2"}],"collection":[{"href":"https:\/\/hamburger-note.de\/index.php?rest_route=\/wp\/v2\/pages"}],"about":[{"href":"https:\/\/hamburger-note.de\/index.php?rest_route=\/wp\/v2\/types\/page"}],"author":[{"embeddable":true,"href":"https:\/\/hamburger-note.de\/index.php?rest_route=\/wp\/v2\/users\/1"}],"replies":[{"embeddable":true,"href":"https:\/\/hamburger-note.de\/index.php?rest_route=%2Fwp%2Fv2%2Fcomments&post=2"}],"version-history":[{"count":5,"href":"https:\/\/hamburger-note.de\/index.php?rest_route=\/wp\/v2\/pages\/2\/revisions"}],"predecessor-version":[{"id":27,"href":"https:\/\/hamburger-note.de\/index.php?rest_route=\/wp\/v2\/pages\/2\/revisions\/27"}],"wp:attachment":[{"href":"https:\/\/hamburger-note.de\/index.php?rest_route=%2Fwp%2Fv2%2Fmedia&parent=2"}],"curies":[{"name":"wp","href":"https:\/\/api.w.org\/{rel}","templated":true}]}}